{"id":804,"date":"2025-05-12T15:27:58","date_gmt":"2025-05-12T13:27:58","guid":{"rendered":"http:\/\/10.3.7.102\/wordpress\/?page_id=804"},"modified":"2026-04-09T10:57:09","modified_gmt":"2026-04-09T08:57:09","slug":"foglalas","status":"publish","type":"page","link":"https:\/\/obudabuvohely.com\/index.php\/foglalas\/","title":{"rendered":"Foglal\u00e1s"},"content":{"rendered":"<div class=\"wpb-content-wrapper\">[vc_row][vc_column][vc_column_text]<div class=\"wp-block-amelia-step-booking-gutenberg-block\">\u00a0[vc_row][vc_column width=&#8221;1\/1&#8243;][vc_column_text]<\/div>[\/vc_column_text][\/vc_column][\/vc_row][vc_row][vc_column][vc_column_text css=&#8221;&#8221;]<p>A foglal\u00e1sod r\u00e9szleteit bizalmasan, e-mailben k\u00fcldj\u00fck el a megadott c\u00edmre, ez\u00e9rt k\u00e9rj\u00fck, olyan e-mail c\u00edmet adj meg, amelyet biztons\u00e1gosan tudsz ellen\u0151rizni. Telefonon kiz\u00e1r\u00f3lag s\u00fcrg\u0151s esetben \u00e9s diszkr\u00e9ten vessz\u00fck fel veled a kapcsolatot, ez\u00e9rt k\u00e9r\u00fcnk egy val\u00f3s telefonsz\u00e1mot.<\/p>\n<p>Az \u00e9jszakai foglal\u00e1si lehet\u0151s\u00e9gek technikai okokb\u00f3l csak 20:00 \u00e9s 24:00 k\u00f6z\u00f6tt jelennek meg online, de ne agg\u00f3dj, a kiv\u00e1lasztott \u00e9jszaka teljes id\u0151tartama (20:00 -07:30) a ti\u00e9tek lesz. \ud83d\ude42<\/p>\n<p style=\"text-align: center;\">Amennyiben k\u00fcl\u00f6nleges k\u00e9r\u00e9setek van vagy elakadtatok keressetek telefonon.<\/p>[\/vc_column_text][\/vc_column][\/vc_row][vc_row][vc_column][vc_column_text]\n<div class=\"wp-block-amelia-step-booking-gutenberg-block\">\n<script>\n  if (typeof hasAmeliaEntitiesApiCall === 'undefined' && ('' === '' && '' !== '1')) {\n    var hasAmeliaEntitiesApiCall = true;\n  }\n  var ameliaShortcodeData = (typeof ameliaShortcodeData === 'undefined') ? [] : ameliaShortcodeData;\n  ameliaShortcodeData.push(\n    {\n      'hasApiCall': (typeof hasAmeliaEntitiesApiCall !== 'undefined') && hasAmeliaEntitiesApiCall,\n      'trigger': '',\n      'trigger_type': '',\n      'triggered_form': 'sbsNew',\n      'in_dialog': '',\n      'show': '',\n      'counter': '1000',\n      'category': '',\n      'service': '',\n      'employee': '',\n      'location': '',\n      'package': '',\n      'layout': '',\n    }\n  );\n\n  var ameliaShortcodeDataTriggered = (typeof ameliaShortcodeDataTriggered === 'undefined') ? [] : ameliaShortcodeDataTriggered;\n  if (ameliaShortcodeData[ameliaShortcodeData.length - 1].trigger !== '') {\n    if (ameliaShortcodeDataTriggered.filter(a => a.counter === ameliaShortcodeData[ameliaShortcodeData.length - 1].counter).length === 0) {\n      ameliaShortcodeDataTriggered.push(ameliaShortcodeData.pop());\n    } else {\n      ameliaShortcodeData.pop()\n    }\n  }\n  if (typeof hasAmeliaEntitiesApiCall !== 'undefined' && hasAmeliaEntitiesApiCall) {\n    hasAmeliaEntitiesApiCall = false;\n  }\n<\/script>\n\n<div\n  id=\"amelia-v2-booking-1000\"\n  class=\"amelia-v2-booking\"\n >\n    <step-form-wrapper><\/step-form-wrapper><\/div>\n[\/vc_column_text][\/vc_column][\/vc_row][vc_row][vc_column][vc_column_text]<\/div>[\/vc_column_text][\/vc_column][\/vc_row]<\/div>","protected":false},"excerpt":{"rendered":"<p>[vc_row][vc_column][vc_column_text] \u00a0[vc_row][vc_column width=&#8221;1\/1&#8243;][vc_column_text][\/vc_column_text][\/vc_column][\/vc_row][vc_row][vc_column][vc_column_text css=&#8221;&#8221;] A foglal\u00e1sod r\u00e9szleteit bizalmasan, e-mailben k\u00fcldj\u00fck el a megadott c\u00edmre, ez\u00e9rt k\u00e9rj\u00fck, olyan e-mail c\u00edmet adj meg, amelyet biztons\u00e1gosan tudsz ellen\u0151rizni. Telefonon kiz\u00e1r\u00f3lag s\u00fcrg\u0151s esetben \u00e9s diszkr\u00e9ten vessz\u00fck fel veled a kapcsolatot, ez\u00e9rt k\u00e9r\u00fcnk egy val\u00f3s telefonsz\u00e1mot. Az \u00e9jszakai foglal\u00e1si lehet\u0151s\u00e9gek technikai okokb\u00f3l csak 20:00 \u00e9s 24:00 k\u00f6z\u00f6tt jelennek meg [&hellip;]<\/p>\n","protected":false},"author":1,"featured_media":0,"parent":0,"menu_order":0,"comment_status":"closed","ping_status":"closed","template":"","meta":{"footnotes":""},"class_list":["post-804","page","type-page","status-publish","hentry"],"_links":{"self":[{"href":"https:\/\/obudabuvohely.com\/index.php\/wp-json\/wp\/v2\/pages\/804","targetHints":{"allow":["GET"]}}],"collection":[{"href":"https:\/\/obudabuvohely.com\/index.php\/wp-json\/wp\/v2\/pages"}],"about":[{"href":"https:\/\/obudabuvohely.com\/index.php\/wp-json\/wp\/v2\/types\/page"}],"author":[{"embeddable":true,"href":"https:\/\/obudabuvohely.com\/index.php\/wp-json\/wp\/v2\/users\/1"}],"replies":[{"embeddable":true,"href":"https:\/\/obudabuvohely.com\/index.php\/wp-json\/wp\/v2\/comments?post=804"}],"version-history":[{"count":9,"href":"https:\/\/obudabuvohely.com\/index.php\/wp-json\/wp\/v2\/pages\/804\/revisions"}],"predecessor-version":[{"id":914,"href":"https:\/\/obudabuvohely.com\/index.php\/wp-json\/wp\/v2\/pages\/804\/revisions\/914"}],"wp:attachment":[{"href":"https:\/\/obudabuvohely.com\/index.php\/wp-json\/wp\/v2\/media?parent=804"}],"curies":[{"name":"wp","href":"https:\/\/api.w.org\/{rel}","templated":true}]}}