{"id":762,"date":"2025-05-12T13:40:00","date_gmt":"2025-05-12T11:40:00","guid":{"rendered":"http:\/\/10.3.7.102\/wordpress\/?page_id=762"},"modified":"2026-04-09T10:55:27","modified_gmt":"2026-04-09T08:55:27","slug":"araink","status":"publish","type":"page","link":"https:\/\/obudabuvohely.com\/index.php\/araink\/","title":{"rendered":"\u00c1raink"},"content":{"rendered":"<div class=\"wpb-content-wrapper\"><p>[vc_row][vc_column][vc_column_text css=&#8221;&#8221;]<\/p>\n<div id=\"ultimate-heading-1297618901a778eea\" class=\"uvc-heading ult-adjust-bottom-margin ultimate-heading-1297618901a778eea uvc-7077 \" data-hspacer=\"line_with_icon\" data-hline_width=\"250\" data-hicon_type=\"selector\" data-hborder_style=\"solid\" data-hborder_height=\"3\" data-hborder_color=\"#fc2e58\" data-icon_width=\"14\" data-hfixer=\"15\" data-halign=\"center\">\n<div class=\"uvc-main-heading ult-responsive\" data-ultimate-target=\".uvc-heading.ultimate-heading-1297618901a778eea h2\" data-responsive-json-new=\"{&quot;font-size&quot;:&quot;desktop:50px;&quot;,&quot;line-height&quot;:&quot;desktop:60px;&quot;}\">\n<div id=\"ultimate-heading-1297618901a778eea\" class=\"uvc-heading ult-adjust-bottom-margin ultimate-heading-1297618901a778eea uvc-7077 \" data-hspacer=\"line_with_icon\" data-hline_width=\"250\" data-hicon_type=\"selector\" data-hborder_style=\"solid\" data-hborder_height=\"3\" data-hborder_color=\"#fc2e58\" data-icon_width=\"14\" data-hfixer=\"15\" data-halign=\"center\">\n<div class=\"uvc-main-heading ult-responsive\" data-ultimate-target=\".uvc-heading.ultimate-heading-1297618901a778eea h2\" data-responsive-json-new=\"{&quot;font-size&quot;:&quot;desktop:50px;&quot;,&quot;line-height&quot;:&quot;desktop:60px;&quot;}\">\n<h2 style=\"text-align: center;\">\u00c1RAK<\/h2>\n<h4><\/h4>\n<\/div>\n<div class=\"uvc-heading-spacer line_with_icon\">\n<div class=\"ult-just-icon-wrapper \">\n<div class=\"align-icon\">\n<div class=\"aio-icon none \"><\/div>\n<\/div>\n<\/div>\n<\/div>\n<\/div>\n<h5>El\u0151zetes megbesz\u00e9l\u00e9s alap\u00e1n minimum 2 \u00f3ra id\u0151tartamra a nap b\u00e1rmely szak\u00e1ra 8:00 \u00e9s 20:00 k\u00f6z\u00f6tt!<\/h5>\n<h2 style=\"text-align: center;\"><\/h2>\n<h5>\u00c9jszak\u00e1ra 20:00 \u00e9s 07:30 k\u00f6z\u00f6tt 20 000 Ft<br \/>\n(r\u00f6videbb tart\u00f3zkod\u00e1s eset\u00e9n is ez az \u00e9jszakai d\u00edj \u00e9rv\u00e9nyes)<\/h5>\n<h2 style=\"text-align: center;\"><\/h2>\n<h5>Az \u00e1rak 2 f\u0151re vonatkoznak!<\/h5>\n<h5>Foglal\u00e1saitokat \u00e9rdemes az online fel\u00fcleten megtennetek, mert el\u0151nyt \u00e9lvez a telefonos, \u00e9s az emailben megtett foglal\u00e1sok el\u0151tt&#8230;<\/h5>\n<\/div>\n<p>&nbsp;<\/p>\n<\/div>\n<p>[\/vc_column_text][\/vc_column][\/vc_row][vc_row gap=&#8221;3&#8243;][vc_column]<div class=\"sc_table\" style=\"````width:100%;\"><\/p>\n<table class=\"arak\">\n<tbody>\n<tr>\n<td>\n<p style=\"text-align: left;\">Id\u0151tartam<\/p>\n<\/td>\n<td>\n<p style=\"text-align: left;\">Fizetend\u0151<\/p>\n<\/td>\n<\/tr>\n<tr>\n<td>Napk\u00f6zben 2 \u00f3ra id\u0151tartamra:<\/td>\n<td>8.000 Ft<\/td>\n<\/tr>\n<tr>\n<td>Napk\u00f6zben 3 \u00f3ra id\u0151tartamra:<\/td>\n<td>9.000 Ft<\/td>\n<\/tr>\n<tr>\n<td>Napk\u00f6zben 4 \u00f3ra id\u0151tartamra:<\/td>\n<td>10.000 Ft<\/td>\n<\/tr>\n<tr>\n<td>Napk\u00f6zben 5 \u00f3ra id\u0151tartamra:<\/td>\n<td>11.000 Ft<\/td>\n<\/tr>\n<tr>\n<td>Napk\u00f6zben 6 \u00f3ra id\u0151tartamra:<\/td>\n<td>12.000 Ft<\/td>\n<\/tr>\n<tr>\n<td>Napk\u00f6zben 7 \u00f3ra id\u0151tartamra:<\/td>\n<td>13.000 Ft<\/td>\n<\/tr>\n<tr>\n<td>Napk\u00f6zben 8 \u00f3ra id\u0151tartamra:<\/td>\n<td>14.000 Ft<\/td>\n<\/tr>\n<tr>\n<td>\u00c9jszak\u00e1ra:<\/td>\n<td>20.000 Ft<\/td>\n<\/tr>\n<\/tbody>\n<\/table>\n<p><\/div>[\/vc_column][\/vc_row][vc_row][vc_column][vc_single_image image=&#8221;722&#8243; img_size=&#8221;large&#8221; alignment=&#8221;center&#8221; css=&#8221;&#8221;][\/vc_column][\/vc_row]<\/p>\n<\/div>","protected":false},"excerpt":{"rendered":"<p>[vc_row][vc_column][vc_column_text css=&#8221;&#8221;] \u00c1RAK El\u0151zetes megbesz\u00e9l\u00e9s alap\u00e1n minimum 2 \u00f3ra id\u0151tartamra a nap b\u00e1rmely szak\u00e1ra 8:00 \u00e9s 20:00 k\u00f6z\u00f6tt! \u00c9jszak\u00e1ra 20:00 \u00e9s 07:30 k\u00f6z\u00f6tt 20 000 Ft (r\u00f6videbb tart\u00f3zkod\u00e1s eset\u00e9n is ez az \u00e9jszakai d\u00edj \u00e9rv\u00e9nyes) Az \u00e1rak 2 f\u0151re vonatkoznak! Foglal\u00e1saitokat \u00e9rdemes az online fel\u00fcleten megtennetek, mert el\u0151nyt \u00e9lvez a telefonos, \u00e9s az emailben megtett [&hellip;]<\/p>\n","protected":false},"author":1,"featured_media":0,"parent":0,"menu_order":0,"comment_status":"closed","ping_status":"closed","template":"","meta":{"footnotes":""},"class_list":["post-762","page","type-page","status-publish","hentry"],"_links":{"self":[{"href":"https:\/\/obudabuvohely.com\/index.php\/wp-json\/wp\/v2\/pages\/762","targetHints":{"allow":["GET"]}}],"collection":[{"href":"https:\/\/obudabuvohely.com\/index.php\/wp-json\/wp\/v2\/pages"}],"about":[{"href":"https:\/\/obudabuvohely.com\/index.php\/wp-json\/wp\/v2\/types\/page"}],"author":[{"embeddable":true,"href":"https:\/\/obudabuvohely.com\/index.php\/wp-json\/wp\/v2\/users\/1"}],"replies":[{"embeddable":true,"href":"https:\/\/obudabuvohely.com\/index.php\/wp-json\/wp\/v2\/comments?post=762"}],"version-history":[{"count":8,"href":"https:\/\/obudabuvohely.com\/index.php\/wp-json\/wp\/v2\/pages\/762\/revisions"}],"predecessor-version":[{"id":913,"href":"https:\/\/obudabuvohely.com\/index.php\/wp-json\/wp\/v2\/pages\/762\/revisions\/913"}],"wp:attachment":[{"href":"https:\/\/obudabuvohely.com\/index.php\/wp-json\/wp\/v2\/media?parent=762"}],"curies":[{"name":"wp","href":"https:\/\/api.w.org\/{rel}","templated":true}]}}