{"id":732,"date":"2025-05-12T13:04:37","date_gmt":"2025-05-12T11:04:37","guid":{"rendered":"http:\/\/10.3.7.102\/wordpress\/?page_id=732"},"modified":"2025-05-12T13:39:11","modified_gmt":"2025-05-12T11:39:11","slug":"rolunk","status":"publish","type":"page","link":"https:\/\/obudabuvohely.com\/index.php\/rolunk\/","title":{"rendered":"R\u00f3lunk"},"content":{"rendered":"<div class=\"wpb-content-wrapper\"><p>[vc_row][vc_column][vc_column_text css=&#8221;&#8221;]<\/p>\n<div class=\"avatar-gutter ng-tns-c374810104-303 ng-star-inserted\">\n<div class=\"bard-avatar ng-tns-c1593510208-304\">\n<h4 class=\"avatar_spinner_animation ng-tns-c1593510208-304 ng-star-inserted\"><strong>Romantikus Elvonul\u00e1s Diszkr\u00e9ten \u2013 Fedezze Fel B\u00fav\u00f3hely\u00fcnk Intimit\u00e1s\u00e1t<br \/>\n\u00d3buda Sz\u00edv\u00e9ben!<\/strong><\/h4>\n<div><\/div>\n<\/div>\n<\/div>\n<div class=\"response-container-content ng-tns-c374810104-303\">\n<div class=\"response-content ng-tns-c374810104-303\">\n<div id=\"model-response-message-contentr_4396a6f2c5dae9a5\" class=\"markdown markdown-main-panel enable-updated-hr-color\" dir=\"ltr\">\n<p data-sourcepos=\"3:1-3:614\">A ny\u00fczsg\u0151 v\u00e1ros sz\u00edv\u00e9ben, m\u00e9gis a k\u00fclvil\u00e1gt\u00f3l gondosan elrejtve, egy k\u00fcl\u00f6nleges hely v\u00e1rja \u00d6n\u00f6ket: az <strong>\u00d3budai B\u00fav\u00f3hely<\/strong>. Ez a diszkr\u00e9t b\u00fav\u00f3hely t\u00f6k\u00e9letes mened\u00e9k mindazok sz\u00e1m\u00e1ra, akik a szerelem szent\u00e9ly\u00e9ben szeretn\u00e9nek elmer\u00fclni, t\u00e1vol a mindennapok zaj\u00e1t\u00f3l \u00e9s a k\u00edv\u00e1ncsi tekintetekt\u0151l. Ha a rohan\u00f3 \u00e9let ritk\u00e1n engedi meg a hosszas elvonul\u00e1st, n\u00e1lunk nem kell kompromisszumot k\u00f6tnie a meghitt pillanatokkal. Egyed\u00fcl\u00e1ll\u00f3 rugalmass\u00e1gunk lehet\u0151v\u00e9 teszi, hogy pontosan annyi id\u0151re vegye ig\u00e9nybe exkluz\u00edv apartmanunkat, amennyire sz\u00fcks\u00e9ge van, \u00edgy maxim\u00e1lisan alkalmazkodva az \u00d6n\u00f6k egyedi id\u0151beoszt\u00e1s\u00e1hoz \u00e9s ig\u00e9nyeihez.<\/p>\n<p data-sourcepos=\"5:1-5:556\">L\u00e9pjen be egy olyan vil\u00e1gba, ahol az ig\u00e9nyess\u00e9g \u00e9s a kifog\u00e1stalan tisztas\u00e1g k\u00e9z a k\u00e9zben j\u00e1rnak a romantik\u00e1val \u00e9s a nyugalommal. B\u00fav\u00f3hely\u00fcnk minden r\u00e9szlet\u00e9t \u00fagy alak\u00edtottuk ki, hogy az a lehet\u0151 legk\u00e9nyelmesebb \u00e9s legfelszabad\u00edt\u00f3bb \u00e9lm\u00e9nyt ny\u00fajtsa \u00d6n\u00f6knek. Legyen sz\u00f3 egy n\u00e9h\u00e1ny \u00f3r\u00e1s, intenz\u00edv kikapcsol\u00f3d\u00e1sr\u00f3l vagy egy hosszabb, elm\u00e9ly\u00fclt egy\u00fcttl\u00e9tr\u0151l, n\u00e1lunk megtal\u00e1lj\u00e1k a t\u00f6k\u00e9letes h\u00e1tteret a felejthetetlen pillanatokhoz. J\u00f3l felszerelt konyh\u00e1nk \u00e9s modern f\u00fcrd\u0151szob\u00e1nk pedig biztos\u00edtja, hogy hosszabb tart\u00f3zkod\u00e1s eset\u00e9n se szenvedjenek hi\u00e1nyt semmiben.<\/p>\n<p data-sourcepos=\"7:1-7:598\">Azonban ami igaz\u00e1n megk\u00fcl\u00f6nb\u00f6ztet minket, az a diszkr\u00e9ci\u00f3 ir\u00e1nti elk\u00f6telezetts\u00e9g\u00fcnk. Tudjuk, hogy az \u00d6n\u00f6k intimit\u00e1sa a legfontosabb, ez\u00e9rt garant\u00e1ljuk a maxim\u00e1lis mag\u00e1n\u00e9letet \u00e9s biztons\u00e1got minden egyes l\u00e1togat\u00e1s sor\u00e1n. A telefonos egyeztet\u00e9st k\u00f6vet\u0151en, a megbesz\u00e9lt id\u0151pontban a lehet\u0151 legz\u00f6kken\u0151mentesebben vehetik birtokba az apartmant. Nincsenek felesleges formalit\u00e1sok, nincsenek zavar\u00f3 t\u00e9nyez\u0151k \u2013 csak \u00d6n\u00f6k ketten \u00e9s a meghitt csend. Legyen sz\u00f3 egy spont\u00e1n tal\u00e1lk\u00e1r\u00f3l vagy egy el\u0151re tervezett romantikus l\u00e9gyott\u00f3l, mi k\u00e9szen \u00e1llunk arra, hogy diszkr\u00e9t m\u00f3don biztos\u00edtsuk a t\u00f6k\u00e9letes helysz\u00ednt.<\/p>\n<p data-sourcepos=\"9:1-9:458\">Engedj\u00e9k el a h\u00e9tk\u00f6znapok terheit, \u00e9s mer\u00fcljenek el a szerelem \u00e9s a nyugalom sziget\u00e9n az <strong>\u00d3budai B\u00fav\u00f3helyen<\/strong>. Mi nem csup\u00e1n egy helysz\u00ednt k\u00edn\u00e1lunk, hanem egy \u00e9lm\u00e9nyt, ahol a priv\u00e1t pillanatok val\u00f3ban \u00e9rt\u00e9kesek \u00e9s zavartalanok lehetnek. V\u00e1lasszanak minket, \u00e9s tapasztalj\u00e1k meg, hogy a diszkr\u00e9ten elt\u00f6lt\u00f6tt id\u0151 mennyire felemel\u0151 \u00e9s eml\u00e9kezetes lehet! Fedezz\u00e9k fel a mi titkos szerelmi f\u00e9szk\u00fcnket, \u00e9s \u00e9lvezz\u00e9k a meghitt egy\u00fcttl\u00e9t minden egyes, var\u00e1zslatos perc\u00e9t!<\/p>\n<\/div>\n<\/div>\n<\/div>\n<p>[\/vc_column_text][vc_column_text][\/vc_column_text][vc_raw_html css=&#8221;&#8221;]JTI2bmJzcCUzQiUzQ2JyJTNFJTBBJTI2bmJzcCUzQiUzQ2JyJTNFJTBBJTI2bmJzcCUzQiUzQ2JyJTNF[\/vc_raw_html][\/vc_column][\/vc_row][vc_row][vc_column][vc_single_image image=&#8221;752&#8243; img_size=&#8221;1240*950&#8243; style=&#8221;vc_box_shadow_3d&#8221; css=&#8221;.vc_custom_1747049886040{border-color: #000000 !important;}&#8221;][\/vc_column][\/vc_row][vc_row][vc_column][\/vc_column][\/vc_row]<\/p>\n<\/div>","protected":false},"excerpt":{"rendered":"<p>[vc_row][vc_column][vc_column_text css=&#8221;&#8221;] Romantikus Elvonul\u00e1s Diszkr\u00e9ten \u2013 Fedezze Fel B\u00fav\u00f3hely\u00fcnk Intimit\u00e1s\u00e1t \u00d3buda Sz\u00edv\u00e9ben! A ny\u00fczsg\u0151 v\u00e1ros sz\u00edv\u00e9ben, m\u00e9gis a k\u00fclvil\u00e1gt\u00f3l gondosan elrejtve, egy k\u00fcl\u00f6nleges hely v\u00e1rja \u00d6n\u00f6ket: az \u00d3budai B\u00fav\u00f3hely. Ez a diszkr\u00e9t b\u00fav\u00f3hely t\u00f6k\u00e9letes mened\u00e9k mindazok sz\u00e1m\u00e1ra, akik a szerelem szent\u00e9ly\u00e9ben szeretn\u00e9nek elmer\u00fclni, t\u00e1vol a mindennapok zaj\u00e1t\u00f3l \u00e9s a k\u00edv\u00e1ncsi tekintetekt\u0151l. Ha a rohan\u00f3 \u00e9let [&hellip;]<\/p>\n","protected":false},"author":1,"featured_media":0,"parent":0,"menu_order":0,"comment_status":"closed","ping_status":"closed","template":"","meta":{"footnotes":""},"class_list":["post-732","page","type-page","status-publish","hentry"],"_links":{"self":[{"href":"https:\/\/obudabuvohely.com\/index.php\/wp-json\/wp\/v2\/pages\/732","targetHints":{"allow":["GET"]}}],"collection":[{"href":"https:\/\/obudabuvohely.com\/index.php\/wp-json\/wp\/v2\/pages"}],"about":[{"href":"https:\/\/obudabuvohely.com\/index.php\/wp-json\/wp\/v2\/types\/page"}],"author":[{"embeddable":true,"href":"https:\/\/obudabuvohely.com\/index.php\/wp-json\/wp\/v2\/users\/1"}],"replies":[{"embeddable":true,"href":"https:\/\/obudabuvohely.com\/index.php\/wp-json\/wp\/v2\/comments?post=732"}],"version-history":[{"count":5,"href":"https:\/\/obudabuvohely.com\/index.php\/wp-json\/wp\/v2\/pages\/732\/revisions"}],"predecessor-version":[{"id":765,"href":"https:\/\/obudabuvohely.com\/index.php\/wp-json\/wp\/v2\/pages\/732\/revisions\/765"}],"wp:attachment":[{"href":"https:\/\/obudabuvohely.com\/index.php\/wp-json\/wp\/v2\/media?parent=732"}],"curies":[{"name":"wp","href":"https:\/\/api.w.org\/{rel}","templated":true}]}}