{"id":188,"date":"2016-10-06T09:12:20","date_gmt":"2016-10-06T09:12:20","guid":{"rendered":"https:\/\/insurel.ancorathemes.com\/?page_id=188"},"modified":"2025-05-12T13:41:51","modified_gmt":"2025-05-12T11:41:51","slug":"contacts","status":"publish","type":"page","link":"https:\/\/obudabuvohely.com\/index.php\/contacts\/","title":{"rendered":"Kapcsolat"},"content":{"rendered":"<div class=\"wpb-content-wrapper\"><p>[vc_row el_class=&#8221;contact_us&#8221; css=&#8221;.vc_custom_1551866323289{margin-top: 4rem !important;margin-bottom: 6rem !important;}&#8221;][vc_column width=&#8221;1\/3&#8243;]<h3 class=\"sc_title sc_title_regular sc_align_left\" style=\"````text-align:left;\">Vegye fel vel\u00fcnk a kapcsolatot:<\/h3>[vc_column_text css=&#8221;&#8221;]<\/p>\n<div class=\"sc_form_address_field\">\n<p><span class=\"sc_form_address_label\">C\u00edm<\/span><\/p>\n<div class=\"sc_form_address_data\">1033 Budapest H\u00e9vizi \u00fat 5<\/div>\n<\/div>\n<div class=\"sc_form_address_field\">\n<p><span class=\"sc_form_address_label\">Phone<\/span><\/p>\n<div class=\"sc_form_address_data\"><a href=\"tel:06-70-2886-8423\">06-70-286-8423<\/a><\/div>\n<\/div>\n<div class=\"sc_form_address_field\">\n<p><span class=\"sc_form_address_label\">E-mail<\/span><\/p>\n<div class=\"sc_form_address_data\"><a href=\"mailto:info@obudabuvohely.com\">info@obudabuvohely.com<\/a><\/div>\n<div class=\"sc_form_address_data\"><a href=\"https:\/\/obudabuvohely.com\">obudabuvohely.com<\/a><\/div>\n<\/div>\n<p>[\/vc_column_text][\/vc_column][vc_column width=&#8221;2\/3&#8243;]<h3 class=\"sc_title sc_title_regular sc_align_left\" style=\"````text-align:left;\">\u00dczenet<\/h3>\n<div class=\"wpcf7 no-js\" id=\"wpcf7-f583-o1\" lang=\"en-US\" dir=\"ltr\" data-wpcf7-id=\"583\">\n<div class=\"screen-reader-response\"><p role=\"status\" aria-live=\"polite\" aria-atomic=\"true\"><\/p> <ul><\/ul><\/div>\n<form action=\"\/index.php\/wp-json\/wp\/v2\/pages\/188#wpcf7-f583-o1\" method=\"post\" class=\"wpcf7-form init\" aria-label=\"Contact form\" novalidate=\"novalidate\" data-status=\"init\">\n<fieldset class=\"hidden-fields-container\"><input type=\"hidden\" name=\"_wpcf7\" value=\"583\" \/><input type=\"hidden\" name=\"_wpcf7_version\" value=\"6.1.5\" \/><input type=\"hidden\" name=\"_wpcf7_locale\" value=\"en_US\" \/><input type=\"hidden\" name=\"_wpcf7_unit_tag\" value=\"wpcf7-f583-o1\" \/><input type=\"hidden\" name=\"_wpcf7_container_post\" value=\"0\" \/><input type=\"hidden\" name=\"_wpcf7_posted_data_hash\" value=\"\" \/><input type=\"hidden\" name=\"_wpcf7_recaptcha_response\" value=\"\" \/>\n<\/fieldset>\n<div class=\"flex\">\n\t<div class='itm row' >\n\t\t<p><span class=\"wpcf7-form-control-wrap\" data-name=\"your-name\"><input size=\"40\" maxlength=\"400\" class=\"wpcf7-form-control wpcf7-text wpcf7-validates-as-required\" aria-required=\"true\" aria-invalid=\"false\" placeholder=\"Az \u00f6n neve*\" value=\"\" type=\"text\" name=\"your-name\" \/><\/span>\n\t\t<\/p>\n\t<\/div>\n\t<div class='itm row'>\n\t\t<p><span class=\"wpcf7-form-control-wrap\" data-name=\"your-email\"><input size=\"40\" maxlength=\"400\" class=\"wpcf7-form-control wpcf7-email wpcf7-validates-as-required wpcf7-text wpcf7-validates-as-email\" aria-required=\"true\" aria-invalid=\"false\" placeholder=\"e-mail*\" value=\"\" type=\"email\" name=\"your-email\" \/><\/span>\n\t\t<\/p>\n\t<\/div>\n<\/div>\n<div class=''>\n\t<p><span class=\"wpcf7-form-control-wrap\" data-name=\"your-message\"><textarea cols=\"40\" rows=\"10\" maxlength=\"2000\" class=\"wpcf7-form-control wpcf7-textarea wpcf7-validates-as-required\" aria-required=\"true\" aria-invalid=\"false\" placeholder=\"\u00dczenet*\" name=\"your-message\"><\/textarea><\/span>\n\t<\/p>\n<\/div>\n<p>Az \u00f6n \u00e1ltal megadott adatokat nem haszn\u00e1ljuk fel k\u00e9retlen inform\u00e1ci\u00f3k k\u00fcld\u00e9s\u00e9re.\n<\/p>\n<div class=\"sc_form_field sc_form_field_button sc_form_field_submit\">\n\t<p><input class=\"wpcf7-form-control wpcf7-submit has-spinner\" type=\"submit\" value=\"Send Message\" \/>\n\t<\/p>\n<\/div><div class=\"wpcf7-response-output\" aria-hidden=\"true\"><\/div>\n<\/form>\n<\/div>\n[\/vc_column][\/vc_row][vc_row full_width=&#8221;stretch_row_content_no_spaces&#8221;][vc_column]<div id=\"sc_googlemap_1960871642\" class=\"sc_googlemap\" style=\"width:100%;height:326px;\" data-zoom=\"15\" data-style=\"greyscale\"><iframe src=\"https:\/\/maps.google.com\/maps?t=m&output=embed&iwloc=near&z=15&q=1033+Budapest+H%C3%A9vizi+%C3%BAt+5%2Fa\" scrolling=\"no\" marginheight=\"0\" marginwidth=\"0\" frameborder=\"0\"\n                    aria-label=\"\"><\/iframe><\/div>[\/vc_column][\/vc_row]<\/p>\n<\/div>","protected":false},"excerpt":{"rendered":"<p>[vc_row el_class=&#8221;contact_us&#8221; css=&#8221;.vc_custom_1551866323289{margin-top: 4rem !important;margin-bottom: 6rem !important;}&#8221;][vc_column width=&#8221;1\/3&#8243;][vc_column_text css=&#8221;&#8221;] C\u00edm 1033 Budapest H\u00e9vizi \u00fat 5 Phone 06-70-286-8423 E-mail info@obudabuvohely.com obudabuvohely.com [\/vc_column_text][\/vc_column][vc_column width=&#8221;2\/3&#8243;][\/vc_column][\/vc_row][vc_row full_width=&#8221;stretch_row_content_no_spaces&#8221;][vc_column][\/vc_column][\/vc_row]<\/p>\n","protected":false},"author":1,"featured_media":0,"parent":0,"menu_order":0,"comment_status":"closed","ping_status":"closed","template":"","meta":{"footnotes":""},"class_list":["post-188","page","type-page","status-publish","hentry"],"_links":{"self":[{"href":"https:\/\/obudabuvohely.com\/index.php\/wp-json\/wp\/v2\/pages\/188","targetHints":{"allow":["GET"]}}],"collection":[{"href":"https:\/\/obudabuvohely.com\/index.php\/wp-json\/wp\/v2\/pages"}],"about":[{"href":"https:\/\/obudabuvohely.com\/index.php\/wp-json\/wp\/v2\/types\/page"}],"author":[{"embeddable":true,"href":"https:\/\/obudabuvohely.com\/index.php\/wp-json\/wp\/v2\/users\/1"}],"replies":[{"embeddable":true,"href":"https:\/\/obudabuvohely.com\/index.php\/wp-json\/wp\/v2\/comments?post=188"}],"version-history":[{"count":3,"href":"https:\/\/obudabuvohely.com\/index.php\/wp-json\/wp\/v2\/pages\/188\/revisions"}],"predecessor-version":[{"id":710,"href":"https:\/\/obudabuvohely.com\/index.php\/wp-json\/wp\/v2\/pages\/188\/revisions\/710"}],"wp:attachment":[{"href":"https:\/\/obudabuvohely.com\/index.php\/wp-json\/wp\/v2\/media?parent=188"}],"curies":[{"name":"wp","href":"https:\/\/api.w.org\/{rel}","templated":true}]}}